{"id":6813,"date":"2025-06-09T22:57:27","date_gmt":"2025-06-10T04:57:27","guid":{"rendered":"http:\/\/ventasarms.com\/?page_id=6813"},"modified":"2025-06-09T22:57:29","modified_gmt":"2025-06-10T04:57:29","slug":"como-comprar","status":"publish","type":"page","link":"https:\/\/ventasarms.com\/index.php\/como-comprar\/","title":{"rendered":"Como comprar"},"content":{"rendered":"<p>Elige tu producto<\/p><p>Contacta al vendedor en linea al <a href=\"http:\/\/wa.me\/523325880174\" target=\"_blank\" rel=\"noopener\">wa.me\/523325880174<\/a> da click para abrir whatsapp<\/p><p>Cierra tu pedido<\/p><p>Elige nuestras formas de pago y forma de env\u00edo:<\/p><p>M\u00e9xico<\/p><p>El env\u00edo se hace por dhl express a tu domicilio o sucursal cerca de ti<\/p><p>Costo de env\u00edo 250<\/p><p>Formas de pago<\/p><p>Transferencia te pasamos cuenta<\/p><p>Oxxo pago en efectivo te pasamos clave<\/p><p>Pago con tarjeta cr\u00e9dito o d\u00e9bito 4% extra cargo de servicio<\/p><p>Estados Unidos<\/p><p>Para env\u00edos a Estados Unidos es importante se\u00f1alar 5 productos m\u00ednimo de venta<\/p><p>Esteroides anab\u00f3licos<\/p><p>Sarms<\/p><p>Hormona de crecimiento<\/p><p>Protectores<\/p><p>Te asesoramos en todo momentos<\/p><p>Recuerda las formas de pago para usa<\/p><p>Western uni\u00f3n<\/p><p>Pago con tarjeta de cr\u00e9dito 4% cargo servicios<\/p><p>Env\u00edos por usp 2000 mxn extra tu pedido15 d\u00edas h\u00e1biles de entrega.<\/p><p>Es un placer atenderte<\/p>","protected":false},"excerpt":{"rendered":"<p>Elige tu producto Contacta al vendedor en linea al wa.me\/523325880174 da click para abrir whatsapp Cierra tu pedido Elige nuestras formas de pago y forma de env\u00edo: M\u00e9xico El env\u00edo se hace por dhl express a tu domicilio o sucursal cerca de ti Costo de env\u00edo 250 Formas de pago Transferencia te pasamos cuenta Oxxo [&hellip;]<\/p>\n","protected":false},"author":1,"featured_media":0,"parent":0,"menu_order":0,"comment_status":"closed","ping_status":"closed","template":"","meta":{"_joinchat":[],"footnotes":""},"class_list":["post-6813","page","type-page","status-publish","hentry"],"_links":{"self":[{"href":"https:\/\/ventasarms.com\/index.php\/wp-json\/wp\/v2\/pages\/6813","targetHints":{"allow":["GET"]}}],"collection":[{"href":"https:\/\/ventasarms.com\/index.php\/wp-json\/wp\/v2\/pages"}],"about":[{"href":"https:\/\/ventasarms.com\/index.php\/wp-json\/wp\/v2\/types\/page"}],"author":[{"embeddable":true,"href":"https:\/\/ventasarms.com\/index.php\/wp-json\/wp\/v2\/users\/1"}],"replies":[{"embeddable":true,"href":"https:\/\/ventasarms.com\/index.php\/wp-json\/wp\/v2\/comments?post=6813"}],"version-history":[{"count":1,"href":"https:\/\/ventasarms.com\/index.php\/wp-json\/wp\/v2\/pages\/6813\/revisions"}],"predecessor-version":[{"id":6814,"href":"https:\/\/ventasarms.com\/index.php\/wp-json\/wp\/v2\/pages\/6813\/revisions\/6814"}],"wp:attachment":[{"href":"https:\/\/ventasarms.com\/index.php\/wp-json\/wp\/v2\/media?parent=6813"}],"curies":[{"name":"wp","href":"https:\/\/api.w.org\/{rel}","templated":true}]}}