{"id":921,"date":"1970-01-01T00:00:00","date_gmt":"1970-01-01T06:00:00","guid":{"rendered":"http:\/\/ventasarms.com\/?post_type=product&#038;p=921"},"modified":"2025-06-08T19:17:41","modified_gmt":"2025-06-09T01:17:41","slug":"dianabol-metandrostenolona-british-dragon-100-tabs-10-mg","status":"publish","type":"product","link":"http:\/\/ventasarms.com\/index.php\/producto\/dianabol-metandrostenolona-british-dragon-100-tabs-10-mg\/","title":{"rendered":"Dianabol &#8211; Metandrostenolona &#8211; British Dragon &#8211; 100 Tabs &#8211; 10 mg"},"content":{"rendered":"<p>Dianabol &#8211; Metandrostenolona &#8211; British Dragon &#8211; 100 Tabs &#8211; 10 mg<\/p>\n<p><b>British Dragon<\/b><span style=\"font-weight: 400;\"> manufactura China garantizada presentaciones jumbo mas de 20 a\u00f1os en el mercado internacional grandes fisicoculturistas Olimpia han llevado su preparaci\u00f3n con esta marca.<\/span><\/p>\n<p class=\"p1\"><b>NOMBRE: <\/b>Methanabol Bristish Dragon<\/p>\n<p class=\"p1\"><b>NOMBRE COMERCIAL: <\/b>Dianabol<\/p>\n<p class=\"p1\"><b>DESCRIPCI\u00d3N: <\/b>Se utiliza principalmente para tratar enfermedades con pacientes que requieren un efecto anab\u00f3lico, aumentar la s\u00edntesis de prote\u00ednas, y adem\u00e1s un fortalecimiento en general<\/p>\n<p class=\"p1\"><b>AROMATIZA: <\/b>Si<\/p>\n<p class=\"p1\"><b>PRESENTACI\u00d3N: <\/b>100 Tabletas \/ 10mg<span class=\"Apple-converted-space\">\u00a0<\/span><\/p>\n<p class=\"p1\"><b>MADE IN: <\/b>Thailandia<span class=\"Apple-converted-space\">\u00a0<\/span><\/p>\n<p class=\"p1\"><b>ADMINISTRACI\u00d3N: <\/b>Oral Tabletas<span class=\"s2\"> <span class=\"Apple-converted-space\">\u00a0<\/span><\/span><\/p>\n<figure id=\"attachment_384\" aria-describedby=\"caption-attachment-384\" style=\"width: 300px\" class=\"wp-caption alignnone\"><img fetchpriority=\"high\" decoding=\"async\" class=\"size-medium wp-image-384\" src=\"http:\/\/www.suplementosmayoreogdl.com\/wp-content\/uploads\/2024\/10\/01-BRITISH-METHANABOL-TABLETAS-300x300.png\" alt=\"Venta Dianabol - Metandrostenolona - British Dragon - 100 Tabs - 10 mg\" width=\"300\" height=\"300\" \/><figcaption id=\"caption-attachment-384\" class=\"wp-caption-text\">Dianabol &#8211; Metandrostenolona &#8211; British Dragon &#8211; 100 Tabs &#8211; 10 mg<\/figcaption><\/figure>\n<p><a href=\"https:\/\/www.suplementosmayoreogdl.com\/categoria-producto\/dianabol-metandrostenolona\/\" target=\"_blank\" rel=\"noopener\">http:\/\/suplementosmayoreogdl.com<\/a><\/p>\n<p><a href=\"http:\/\/suplementosguadalajara.com.mx\" target=\"_blank\" rel=\"noopener\">http:\/\/suplementosguadalajara.com.mx<\/a><\/p>\n<p><a href=\"http:\/\/britishdragon.com.mx\" target=\"_blank\" rel=\"noopener\">http:\/\/britishdragon.com.mx<\/a><\/p>\n<p>&nbsp;<\/p>\n","protected":false},"excerpt":{"rendered":"<p>Dianabol &#8211; Metandrostenolona &#8211; British Dragon &#8211; 100 Tabs &#8211; 10 mg<\/p>\n<p><b>Facil y sencillo elige entre comprar<\/b><\/p>\n<p><span style=\"font-weight: 400;\">Mayoreo 10 pzs $ 450<\/span><\/p>\n<p><span style=\"font-weight: 400;\">Distribuidor 5 pzs $ 550<\/span><\/p>\n<p><span style=\"font-weight: 400;\">Publico 1 a 4 pzs $ 650<\/span><\/p>\n<p><b>Nota:<\/b><span style=\"font-weight: 400;\"> puedes comprar varios productos combinados entre mayoreo y distribuidor<\/span><\/p>\n<p><span style=\"font-weight: 400;\">en tu lista puedes agregar proteinas suplementos hormonas sarms esteroides toda una combinacion de productos siempre y cuando cubras los 10 productos de mayoreo o\u00a0 5 de distribuidor.<\/span><\/p>\n<p><span style=\"font-weight: 400;\">Suplementos mayoreo gdl elige comprar entre mayoreo distribuidor publico entregas en guadalajara envios por dhl estafeta a todo mexico\u00a0 y estados unidos por usps.\u00a0<\/span><\/p>\n<p><b>Elige tu forma de pago.<\/b><\/p>\n<p><span style=\"font-weight: 400;\">Transferencia.\u00a0<\/span><\/p>\n<p><span style=\"font-weight: 400;\">Pago en efectivo en oxxo o sucursal bancaria.<\/span><\/p>\n<p><span style=\"font-weight: 400;\">Pago con tarjeta de credito debito mediante un link de pago Clip + 4% cargo de servicio.<\/span><span style=\"font-weight: 400;\"><br \/>\n<\/span><span style=\"font-weight: 400;\">Pegunta por promociones a meses sin intereses y comisiones por este servicio.<\/span><\/p>\n","protected":false},"featured_media":388,"comment_status":"open","ping_status":"closed","template":"","meta":{"_joinchat":[]},"product_brand":[],"product_cat":[6708,9117],"product_tag":[],"class_list":{"0":"post-921","1":"product","2":"type-product","3":"status-publish","4":"has-post-thumbnail","6":"product_cat-esteroides-anabolicos-orales","7":"product_cat-dianabol-metandrostenolona","9":"first","10":"instock","11":"shipping-taxable","12":"purchasable","13":"product-type-simple"},"_links":{"self":[{"href":"http:\/\/ventasarms.com\/index.php\/wp-json\/wp\/v2\/product\/921","targetHints":{"allow":["GET"]}}],"collection":[{"href":"http:\/\/ventasarms.com\/index.php\/wp-json\/wp\/v2\/product"}],"about":[{"href":"http:\/\/ventasarms.com\/index.php\/wp-json\/wp\/v2\/types\/product"}],"replies":[{"embeddable":true,"href":"http:\/\/ventasarms.com\/index.php\/wp-json\/wp\/v2\/comments?post=921"}],"wp:featuredmedia":[{"embeddable":true,"href":"http:\/\/ventasarms.com\/index.php\/wp-json\/wp\/v2\/media\/388"}],"wp:attachment":[{"href":"http:\/\/ventasarms.com\/index.php\/wp-json\/wp\/v2\/media?parent=921"}],"wp:term":[{"taxonomy":"product_brand","embeddable":true,"href":"http:\/\/ventasarms.com\/index.php\/wp-json\/wp\/v2\/product_brand?post=921"},{"taxonomy":"product_cat","embeddable":true,"href":"http:\/\/ventasarms.com\/index.php\/wp-json\/wp\/v2\/product_cat?post=921"},{"taxonomy":"product_tag","embeddable":true,"href":"http:\/\/ventasarms.com\/index.php\/wp-json\/wp\/v2\/product_tag?post=921"}],"curies":[{"name":"wp","href":"https:\/\/api.w.org\/{rel}","templated":true}]}}