{"id":919,"date":"1970-01-01T00:00:00","date_gmt":"1970-01-01T06:00:00","guid":{"rendered":"http:\/\/ventasarms.com\/?post_type=product&#038;p=919"},"modified":"2025-06-08T19:17:39","modified_gmt":"2025-06-09T01:17:39","slug":"clembuterol-clenbuterol-watson-60-tabs-40-mcg","status":"publish","type":"product","link":"http:\/\/ventasarms.com\/index.php\/producto\/clembuterol-clenbuterol-watson-60-tabs-40-mcg\/","title":{"rendered":"Clembuterol &#8211; Clenbuterol &#8211; Watson &#8211; 60 tabs &#8211; 40 mcg"},"content":{"rendered":"<p>Clembuterol &#8211; Clenbuterol &#8211; Watson &#8211; 60 tabs &#8211; 40 mcg<\/p>\n<p class=\"p1\"><span class=\"s2\"><b>NOMBRE:<\/b><\/span> Clenbuterol<span class=\"Apple-converted-space\">\u00a0<\/span><\/p>\n<p class=\"p3\"><b>NOMBRE COMERCIAL<\/b>:<\/p>\n<p class=\"p1\"><span class=\"s2\"><b>DESCRIPCI\u00d3N:<\/b><\/span>Est\u00e1 asociado a un incremento en la producci\u00f3n de fuerza<span class=\"Apple-converted-space\">\u00a0<\/span><\/p>\n<p class=\"p1\">muscular y resistencia, adem\u00e1s se ha descubierto que ayuda a mejorar el crecimiento muscular despu\u00e9s de una lesi\u00f3n.<\/p>\n<p class=\"p3\"><b>AROMATIZA:<\/b><span class=\"s3\"> No<\/span><\/p>\n<p class=\"p1\"><span class=\"s2\"><b>PRESENTACI\u00d3N:<\/b><\/span> 60 Tabletas \/ 40mcg<\/p>\n<p class=\"p3\"><b>MADE IN:<\/b><span class=\"s3\"> USA<\/span><\/p>\n<p class=\"p3\"><b>ADMINISTRACI\u00d3N:<\/b><span class=\"s3\"> Oral Tabletas<span class=\"Apple-converted-space\">\u00a0<\/span><\/span><\/p>\n<p><span style=\"font-weight: 400;\">Watson Pharma marca generica buena calidad cumple con todas las normas de etiquetado<\/span><\/p>\n<figure id=\"attachment_364\" aria-describedby=\"caption-attachment-364\" style=\"width: 300px\" class=\"wp-caption alignnone\"><img fetchpriority=\"high\" decoding=\"async\" class=\"size-medium wp-image-364\" src=\"http:\/\/www.suplementosmayoreogdl.com\/wp-content\/uploads\/2024\/10\/06-CLEMBUTEROL-TABLETS-40MCG-300x300.png\" alt=\"Clembuterol - Clenbuterol - Watson - 60 tabs - 40 mcg\" width=\"300\" height=\"300\" \/><figcaption id=\"caption-attachment-364\" class=\"wp-caption-text\">Clembuterol &#8211; Clenbuterol &#8211; Watson &#8211; 60 tabs &#8211; 40 mcg<\/figcaption><\/figure>\n<p>&nbsp;<\/p>\n<p><a href=\"https:\/\/www.suplementosmayoreogdl.com\/categoria-producto\/clembuterol-clenbuterol\/\" target=\"_blank\" rel=\"noopener\">http:\/\/suplementosmayoreogdl.com<\/a><\/p>\n<p><a href=\"http:\/\/suplementosguadalajara.com.mx\" target=\"_blank\" rel=\"noopener\">http:\/\/suplementosguadalajara.com.mx<\/a><\/p>\n<p><a href=\"http:\/\/britishdragon.com.mx\" target=\"_blank\" rel=\"noopener\">http:\/\/britishdragon.com.mx<\/a><\/p>\n","protected":false},"excerpt":{"rendered":"<p>Clembuterol &#8211; Clenbuterol &#8211; Watson &#8211; 60 tabs &#8211; 40 mcg<\/p>\n<p><span style=\"font-weight: 400;\">Facil y sencillo elige entre comprar<\/span><\/p>\n<p><span style=\"font-weight: 400;\">Mayoreo 10 pzs $ 350<\/span><\/p>\n<p><span style=\"font-weight: 400;\">Distribuidor 5 pzs $ 450<\/span><\/p>\n<p><span style=\"font-weight: 400;\">Publico 1 a 4 pzs $ 550<\/span><\/p>\n<p>&nbsp;<\/p>\n<p><span style=\"font-weight: 400;\">Nota: puedes comprar varios productos combinados entre mayoreo y distribuidor<\/span><\/p>\n<p><span style=\"font-weight: 400;\">en tu lista puedes agregar proteinas suplementos hormonas sarms esteroides toda una combinacion de productos siempre y cuando cubras los 10 productos de mayoreo o\u00a0 5 de distribuidor.<\/span><\/p>\n<p><span style=\"font-weight: 400;\">Suplementos mayoreo gdl elige comprar entre mayoreo distribuidor publico entregas en guadalajara envios por dhl estafeta a todo mexico\u00a0 y estados unidos por usps.\u00a0<\/span><\/p>\n<p><span style=\"font-weight: 400;\">Elige tu forma de pago.<\/span><\/p>\n<p><span style=\"font-weight: 400;\">Transferencia.\u00a0<\/span><\/p>\n<p><span style=\"font-weight: 400;\">Pago en efectivo en oxxo o sucursal bancaria.<\/span><\/p>\n<p><span style=\"font-weight: 400;\">Pago con tarjeta de credito debito mediante un link de pago Clip + 4% cargo de servicio.<\/span><span style=\"font-weight: 400;\"><br \/>\n<\/span><span style=\"font-weight: 400;\">Pegunta por promociones a meses sin intereses y comisiones por este servicio.<\/span><\/p>\n","protected":false},"featured_media":368,"comment_status":"open","ping_status":"closed","template":"","meta":{"_joinchat":[]},"product_brand":[],"product_cat":[6708,8878],"product_tag":[],"class_list":{"0":"post-919","1":"product","2":"type-product","3":"status-publish","4":"has-post-thumbnail","6":"product_cat-esteroides-anabolicos-orales","7":"product_cat-clembuterol-clenbuterol","9":"first","10":"instock","11":"shipping-taxable","12":"purchasable","13":"product-type-simple"},"_links":{"self":[{"href":"http:\/\/ventasarms.com\/index.php\/wp-json\/wp\/v2\/product\/919","targetHints":{"allow":["GET"]}}],"collection":[{"href":"http:\/\/ventasarms.com\/index.php\/wp-json\/wp\/v2\/product"}],"about":[{"href":"http:\/\/ventasarms.com\/index.php\/wp-json\/wp\/v2\/types\/product"}],"replies":[{"embeddable":true,"href":"http:\/\/ventasarms.com\/index.php\/wp-json\/wp\/v2\/comments?post=919"}],"wp:featuredmedia":[{"embeddable":true,"href":"http:\/\/ventasarms.com\/index.php\/wp-json\/wp\/v2\/media\/368"}],"wp:attachment":[{"href":"http:\/\/ventasarms.com\/index.php\/wp-json\/wp\/v2\/media?parent=919"}],"wp:term":[{"taxonomy":"product_brand","embeddable":true,"href":"http:\/\/ventasarms.com\/index.php\/wp-json\/wp\/v2\/product_brand?post=919"},{"taxonomy":"product_cat","embeddable":true,"href":"http:\/\/ventasarms.com\/index.php\/wp-json\/wp\/v2\/product_cat?post=919"},{"taxonomy":"product_tag","embeddable":true,"href":"http:\/\/ventasarms.com\/index.php\/wp-json\/wp\/v2\/product_tag?post=919"}],"curies":[{"name":"wp","href":"https:\/\/api.w.org\/{rel}","templated":true}]}}