{"id":914,"date":"1970-01-01T00:00:00","date_gmt":"1970-01-01T06:00:00","guid":{"rendered":"http:\/\/ventasarms.com\/?post_type=product&#038;p=914"},"modified":"2025-06-08T19:17:37","modified_gmt":"2025-06-09T01:17:37","slug":"estanozolol-winstrol-gph-pharmaceuticals-100-mg-2x5-ml","status":"publish","type":"product","link":"http:\/\/ventasarms.com\/index.php\/producto\/estanozolol-winstrol-gph-pharmaceuticals-100-mg-2x5-ml\/","title":{"rendered":"Estanozolol &#8211; Winstrol &#8211; Gph Pharmaceuticals &#8211; 100 mg &#8211; 2&#215;5 ml"},"content":{"rendered":"<p>Estanozolol &#8211; Winstrol &#8211; Gph Pharmaceuticals &#8211; 100 mg &#8211; 2&#215;5 ml<\/p>\n<p class=\"p1\"><span class=\"s1\"><span class=\"Apple-converted-space\">\u00a0<\/span><\/span><span class=\"s2\"><b>NOMBRE:<\/b><\/span> Stanozolo<span class=\"s1\">l<\/span><\/p>\n<p class=\"p3\"><b>NOMBRE COMERCIAL<\/b>:<span class=\"s3\"> Winstrol<\/span><\/p>\n<p class=\"p1\"><span class=\"s2\"><b>DESCRIPCI\u00d3N:<\/b><\/span> Presenta propiedades similares a la hormona masculina testosterona: tiene efectos virilizantes androg\u00e9nicos, incrementa la s\u00edntesis de prote\u00ednas y potencia el desarrollo muscular.<\/p>\n<p class=\"p3\"><b>AROMATIZA:<\/b><span class=\"s3\"> No<span class=\"Apple-converted-space\">\u00a0<\/span><\/span><\/p>\n<p class=\"p1\"><span class=\"s2\"><b>PRESENTACI\u00d3N:<\/b><\/span> 100mg \/ 2 x 5 ml<span class=\"Apple-converted-space\">\u00a0<\/span><\/p>\n<p class=\"p3\"><b>MADE IN:<\/b><span class=\"s3\"> Rusia<span class=\"Apple-converted-space\">\u00a0<\/span><\/span><\/p>\n<p class=\"p1\"><span class=\"s2\"><b>ADMINISTRACI\u00d3N:<\/b><\/span> Vial inyecci\u00f3n<span class=\"Apple-converted-space\">\u00a0<\/span><\/p>\n<figure id=\"attachment_511\" aria-describedby=\"caption-attachment-511\" style=\"width: 300px\" class=\"wp-caption alignnone\"><img fetchpriority=\"high\" decoding=\"async\" class=\"size-medium wp-image-511\" src=\"http:\/\/www.suplementosmayoreogdl.com\/wp-content\/uploads\/2024\/10\/16-GEROPHARM-STANOZOLOLA-200-MG-300x300.png\" alt=\"Estanozolol - Winstrol - Gph Pharmaceuticals - 100 mg - 2x5 ml\" width=\"300\" height=\"300\" \/><figcaption id=\"caption-attachment-511\" class=\"wp-caption-text\">Estanozolol &#8211; Winstrol &#8211; Gph Pharmaceuticals &#8211; 100 mg &#8211; 2&#215;5 ml<\/figcaption><\/figure>\n<figure id=\"attachment_349\" aria-describedby=\"caption-attachment-349\" style=\"width: 300px\" class=\"wp-caption alignnone\"><img decoding=\"async\" class=\"size-medium wp-image-349\" src=\"http:\/\/www.suplementosmayoreogdl.com\/wp-content\/uploads\/2024\/11\/WhatsApp-Image-2022-12-06-at-16.13.12-300x300.jpeg\" alt=\"Venta - Esteroides Anab\u00f3licos - Mexico\" width=\"300\" height=\"300\" \/><figcaption id=\"caption-attachment-349\" class=\"wp-caption-text\">Venta &#8211; Esteroides Anab\u00f3licos &#8211; Mexico<\/figcaption><\/figure>\n<p><a href=\"https:\/\/www.suplementosmayoreogdl.com\/categoria-producto\/winstrol-estanozolol\/\" target=\"_blank\" rel=\"noopener\">http:\/\/suplementosmayoreogdl.com<\/a><\/p>\n<p><a href=\"http:\/\/suplementosguadalajara.com.mx\" target=\"_blank\" rel=\"noopener\">http:\/\/suplementosguadalajara.com.mx<\/a><\/p>\n<p><a href=\"http:\/\/gphpharmaceuticals.com\" target=\"_blank\" rel=\"noopener\">http:\/\/gphpharmaceuticals.com<\/a><\/p>\n","protected":false},"excerpt":{"rendered":"<p>Estanozolol &#8211; Winstrol &#8211; Gph Pharmaceuticals &#8211; 100 mg &#8211; 2&#215;5 ml<\/p>\n<p><b>Facil y sencillo elige entre comprar<\/b><\/p>\n<p><span style=\"font-weight: 400;\">Mayoreo 10 pzs $ 550<\/span><\/p>\n<p><span style=\"font-weight: 400;\">Distribuidor 5 pzs $ 750<\/span><\/p>\n<p><span style=\"font-weight: 400;\">Publico 1 a 4 pzs $ 950<\/span><\/p>\n<p><b>Nota:<\/b><span style=\"font-weight: 400;\"> puedes comprar varios productos combinados entre mayoreo y distribuidor<\/span><\/p>\n<p><span style=\"font-weight: 400;\">en tu lista puedes agregar proteinas suplementos hormonas sarms esteroides toda una combinacion de productos siempre y cuando cubras los 10 productos de mayoreo o\u00a0 5 de distribuidor.<\/span><\/p>\n<p><span style=\"font-weight: 400;\">Suplementos mayoreo gdl elige comprar entre mayoreo distribuidor publico entregas en guadalajara envios por dhl estafeta a todo m\u00e9xico\u00a0 y estados unidos por usps.\u00a0<\/span><\/p>\n<p><b>Elige tu forma de pago.<\/b><\/p>\n<p><span style=\"font-weight: 400;\">Transferencia.\u00a0<\/span><\/p>\n<p><span style=\"font-weight: 400;\">Pago en efectivo en oxxo o sucursal bancaria.<\/span><\/p>\n<p><span style=\"font-weight: 400;\">Pago con tarjeta de credito debito mediante un link de pago Clip + 4% cargo de servicio.<\/span><span style=\"font-weight: 400;\"><br \/>\n<\/span><span style=\"font-weight: 400;\">Pegunta por promociones a meses sin intereses y comisiones por este servicio.<\/span><\/p>\n","protected":false},"featured_media":513,"comment_status":"open","ping_status":"closed","template":"","meta":{"_joinchat":[]},"product_brand":[],"product_cat":[1572,6430],"product_tag":[],"class_list":{"0":"post-914","1":"product","2":"type-product","3":"status-publish","4":"has-post-thumbnail","6":"product_cat-esteroides-anabolicos-inyectables","7":"product_cat-winstrol-estanozolol","9":"first","10":"instock","11":"shipping-taxable","12":"purchasable","13":"product-type-simple"},"_links":{"self":[{"href":"http:\/\/ventasarms.com\/index.php\/wp-json\/wp\/v2\/product\/914","targetHints":{"allow":["GET"]}}],"collection":[{"href":"http:\/\/ventasarms.com\/index.php\/wp-json\/wp\/v2\/product"}],"about":[{"href":"http:\/\/ventasarms.com\/index.php\/wp-json\/wp\/v2\/types\/product"}],"replies":[{"embeddable":true,"href":"http:\/\/ventasarms.com\/index.php\/wp-json\/wp\/v2\/comments?post=914"}],"wp:featuredmedia":[{"embeddable":true,"href":"http:\/\/ventasarms.com\/index.php\/wp-json\/wp\/v2\/media\/513"}],"wp:attachment":[{"href":"http:\/\/ventasarms.com\/index.php\/wp-json\/wp\/v2\/media?parent=914"}],"wp:term":[{"taxonomy":"product_brand","embeddable":true,"href":"http:\/\/ventasarms.com\/index.php\/wp-json\/wp\/v2\/product_brand?post=914"},{"taxonomy":"product_cat","embeddable":true,"href":"http:\/\/ventasarms.com\/index.php\/wp-json\/wp\/v2\/product_cat?post=914"},{"taxonomy":"product_tag","embeddable":true,"href":"http:\/\/ventasarms.com\/index.php\/wp-json\/wp\/v2\/product_tag?post=914"}],"curies":[{"name":"wp","href":"https:\/\/api.w.org\/{rel}","templated":true}]}}