{"id":912,"date":"1970-01-01T00:00:00","date_gmt":"1970-01-01T06:00:00","guid":{"rendered":"http:\/\/ventasarms.com\/?post_type=product&#038;p=912"},"modified":"2025-06-08T19:17:36","modified_gmt":"2025-06-09T01:17:36","slug":"drostanolona-masteron-british-dragon-100-mg-20-ml","status":"publish","type":"product","link":"http:\/\/ventasarms.com\/index.php\/producto\/drostanolona-masteron-british-dragon-100-mg-20-ml\/","title":{"rendered":"Drostanolona &#8211; Masteron &#8211; British Dragon &#8211; 100 mg &#8211; 20 ml"},"content":{"rendered":"<p>Drostanolona &#8211; Masteron &#8211; British Dragon &#8211; 100 mg &#8211; 20 ml<\/p>\n<p class=\"p1\"><span class=\"s2\"><b>NOMBRE:<\/b><\/span> Drostanolona Propionato<\/p>\n<p class=\"p3\"><b>NOMBRE COMERCIAL<\/b>:<span class=\"s3\"> Masteron<\/span><\/p>\n<p class=\"p1\"><span class=\"s2\"><b>DESCRIPCI\u00d3N:<\/b><\/span> Produce un aumento del m\u00fasculo limpio y dur\u00f3 efectos m\u00e1s largos en personas con un porcentaje bajo de grasa<\/p>\n<p class=\"p3\"><b>AROMATIZA:<\/b><span class=\"s3\"> no<span class=\"Apple-converted-space\">\u00a0<\/span><\/span><\/p>\n<p class=\"p1\"><span class=\"s2\"><b>PRESENTACI\u00d3N:<\/b><\/span> 100mg \/ 20ml<span class=\"Apple-converted-space\">\u00a0<\/span><\/p>\n<p class=\"p3\"><b>MADE IN: <\/b><span class=\"s3\">USA<span class=\"Apple-converted-space\">\u00a0<\/span><\/span><\/p>\n<p class=\"p1\"><span class=\"s2\"><b>ADMINISTRACI\u00d3N:<\/b><\/span> Vial inyecci\u00f3n<span class=\"Apple-converted-space\">\u00a0<\/span><\/p>\n<figure id=\"attachment_558\" aria-describedby=\"caption-attachment-558\" style=\"width: 300px\" class=\"wp-caption alignnone\"><img fetchpriority=\"high\" decoding=\"async\" class=\"size-medium wp-image-558\" src=\"http:\/\/www.suplementosmayoreogdl.com\/wp-content\/uploads\/2024\/10\/08-BRITISH-MASTABOL-100-VIAL-300x300.png\" alt=\"Drostanolona - Masteron - British Dragon - 100 mg - 20 ml\" width=\"300\" height=\"300\" \/><figcaption id=\"caption-attachment-558\" class=\"wp-caption-text\">Drostanolona &#8211; Masteron &#8211; British Dragon &#8211; 100 mg &#8211; 20 ml<\/figcaption><\/figure>\n<p><a href=\"https:\/\/www.suplementosmayoreogdl.com\/categoria-producto\/masteron-drostanolona\/\" target=\"_blank\" rel=\"noopener\">http:\/\/suplementosmayoreogdl.com<\/a><\/p>\n<p><a href=\"http:\/\/suplementosguadalajara.com.mx\" target=\"_blank\" rel=\"noopener\">http:\/\/suplementosguadalajara.com.mx<\/a><\/p>\n<p><a href=\"http:\/\/britishdragon.com.mx\" target=\"_blank\" rel=\"noopener\">http:\/\/britishdragon.com.mx<\/a><\/p>\n","protected":false},"excerpt":{"rendered":"<p>Drostanolona &#8211; Masteron &#8211; British Dragon &#8211; 100 mg &#8211; 20 ml<\/p>\n<p><b>Facil y sencillo elige entre comprar<\/b><\/p>\n<p><span style=\"font-weight: 400;\">Mayoreo 10 pzs $ 600<\/span><\/p>\n<p><span style=\"font-weight: 400;\">Distribuidor 5 pzs $ 750<\/span><\/p>\n<p><span style=\"font-weight: 400;\">Publico 1 a 4 pzs $ 1100<\/span><\/p>\n<p><b>Nota:<\/b><span style=\"font-weight: 400;\"> puedes comprar varios productos combinados entre mayoreo y distribuidor<\/span><\/p>\n<p><span style=\"font-weight: 400;\">en tu lista puedes agregar proteinas suplementos hormonas sarms esteroides toda una combinacion de productos siempre y cuando cubras los 10 productos de mayoreo o\u00a0 5 de distribuidor.<\/span><\/p>\n<p><span style=\"font-weight: 400;\">Suplementos mayoreo gdl elige comprar entre mayoreo distribuidor publico entregas en guadalajara env\u00edos por dhl estafeta a todo m\u00e9xico\u00a0 y estados unidos por usps.\u00a0<\/span><\/p>\n<p><b>Elige tu forma de pago.<\/b><\/p>\n<p><span style=\"font-weight: 400;\">Transferencia.\u00a0<\/span><\/p>\n<p><span style=\"font-weight: 400;\">Pago en efectivo en oxxo o sucursal bancaria.<\/span><\/p>\n<p><span style=\"font-weight: 400;\">Pago con tarjeta de credito debito mediante un link de pago Clip + 4% cargo de servicio.<\/span><span style=\"font-weight: 400;\"><br \/>\n<\/span><span style=\"font-weight: 400;\">Pegunta por promociones a meses sin intereses y comisiones por este servicio.<\/span><\/p>\n","protected":false},"featured_media":562,"comment_status":"open","ping_status":"closed","template":"","meta":{"_joinchat":[]},"product_brand":[],"product_cat":[1572,6072],"product_tag":[],"class_list":{"0":"post-912","1":"product","2":"type-product","3":"status-publish","4":"has-post-thumbnail","6":"product_cat-esteroides-anabolicos-inyectables","7":"product_cat-masteron-drostanolona","9":"first","10":"instock","11":"shipping-taxable","12":"purchasable","13":"product-type-simple"},"_links":{"self":[{"href":"http:\/\/ventasarms.com\/index.php\/wp-json\/wp\/v2\/product\/912","targetHints":{"allow":["GET"]}}],"collection":[{"href":"http:\/\/ventasarms.com\/index.php\/wp-json\/wp\/v2\/product"}],"about":[{"href":"http:\/\/ventasarms.com\/index.php\/wp-json\/wp\/v2\/types\/product"}],"replies":[{"embeddable":true,"href":"http:\/\/ventasarms.com\/index.php\/wp-json\/wp\/v2\/comments?post=912"}],"wp:featuredmedia":[{"embeddable":true,"href":"http:\/\/ventasarms.com\/index.php\/wp-json\/wp\/v2\/media\/562"}],"wp:attachment":[{"href":"http:\/\/ventasarms.com\/index.php\/wp-json\/wp\/v2\/media?parent=912"}],"wp:term":[{"taxonomy":"product_brand","embeddable":true,"href":"http:\/\/ventasarms.com\/index.php\/wp-json\/wp\/v2\/product_brand?post=912"},{"taxonomy":"product_cat","embeddable":true,"href":"http:\/\/ventasarms.com\/index.php\/wp-json\/wp\/v2\/product_cat?post=912"},{"taxonomy":"product_tag","embeddable":true,"href":"http:\/\/ventasarms.com\/index.php\/wp-json\/wp\/v2\/product_tag?post=912"}],"curies":[{"name":"wp","href":"https:\/\/api.w.org\/{rel}","templated":true}]}}