{"id":910,"date":"1970-01-01T00:00:00","date_gmt":"1970-01-01T06:00:00","guid":{"rendered":"http:\/\/ventasarms.com\/?post_type=product&#038;p=910"},"modified":"2025-06-08T19:17:35","modified_gmt":"2025-06-09T01:17:35","slug":"nandrolona-decanoato-deca-durabolin-watson-300-mg-10-ml","status":"publish","type":"product","link":"http:\/\/ventasarms.com\/index.php\/producto\/nandrolona-decanoato-deca-durabolin-watson-300-mg-10-ml\/","title":{"rendered":"Nandrolona &#8211; Decanoato &#8211; Deca Durabolin &#8211; Watson &#8211; 300 mg &#8211; 10 ml"},"content":{"rendered":"<p>Nandrolona &#8211; Decanoato &#8211; Deca Durabolin &#8211; Watson &#8211; 300 mg &#8211; 10 ml<\/p>\n<p class=\"p1\"><span class=\"s2\"><b>NOMBRE:<\/b><\/span> Decanoate Nandrolone<span class=\"s1\"><span class=\"Apple-converted-space\">\u00a0<\/span><\/span><\/p>\n<p class=\"p3\"><b>NOMBRE COMERCIAL<\/b>:<span class=\"s3\"> Deca Durabolin<\/span><\/p>\n<p class=\"p1\"><span class=\"s2\"><b>DESCRIPCI\u00d3N:<\/b><\/span> Tiene efectos virilizantes androg\u00e9nicos, incrementa la s\u00edntesis de prote\u00ednas y potencia el desarrollo muscular.<\/p>\n<p class=\"p3\"><b>AROMATIZA:<\/b><span class=\"s3\"> Si<\/span><\/p>\n<p class=\"p1\"><span class=\"s2\"><b>PRESENTACI\u00d3N:<\/b><\/span> 300mg \/ 10ml<span class=\"Apple-converted-space\">\u00a0<\/span><\/p>\n<p class=\"p3\"><b>MADE IN:<\/b><span class=\"s3\"> USA<span class=\"Apple-converted-space\">\u00a0<\/span><\/span><\/p>\n<p class=\"p3\"><b>ADMINISTRACI\u00d3N:<\/b><span class=\"s3\"> Vial inyecci\u00f3n<\/span><\/p>\n<figure id=\"attachment_548\" aria-describedby=\"caption-attachment-548\" style=\"width: 300px\" class=\"wp-caption alignnone\"><img fetchpriority=\"high\" decoding=\"async\" class=\"size-medium wp-image-548\" src=\"http:\/\/www.suplementosmayoreogdl.com\/wp-content\/uploads\/2024\/10\/08-VIAL-DECANOATE-NANDROLONE-300MG-300x300.png\" alt=\"Nandrolona - Decanoato - Deca Durabolin - Watson - 300 mg - 10 ml\" width=\"300\" height=\"300\" \/><figcaption id=\"caption-attachment-548\" class=\"wp-caption-text\">Nandrolona &#8211; Decanoato &#8211; Deca Durabolin &#8211; Watson &#8211; 300 mg &#8211; 10 ml<\/figcaption><\/figure>\n<p>&nbsp;<\/p>\n<p><a href=\"https:\/\/www.suplementosmayoreogdl.com\/categoria-producto\/deca-durabolin-nandrolona\/\" target=\"_blank\" rel=\"noopener\">http:\/\/suplementosmayoreogdl.com<\/a><\/p>\n<p><a href=\"http:\/\/suplementosguadalajara.com.mx\" target=\"_blank\" rel=\"noopener\">http:\/\/suplementosguadalajara.com.mx<\/a><\/p>\n<p><a href=\"http:\/\/gphpharmaceuticals.com\" target=\"_blank\" rel=\"noopener\">http:\/\/gphpharmaceuticals.com<\/a><\/p>\n<p>&nbsp;<\/p>\n","protected":false},"excerpt":{"rendered":"<p>Nandrolona &#8211; Decanoato &#8211; Deca Durabolin &#8211; Watson &#8211; 300 mg &#8211; 10 ml<\/p>\n<p><b>Facil y sencillo elige entre comprar<\/b><\/p>\n<p><span style=\"font-weight: 400;\">Mayoreo 10 pzs $ 350<\/span><\/p>\n<p><span style=\"font-weight: 400;\">Distribuidor 5 pzs $ 450<\/span><\/p>\n<p><span style=\"font-weight: 400;\">Publico 1 a 4 pzs $ 550<\/span><\/p>\n<p><b>Nota:<\/b><span style=\"font-weight: 400;\"> puedes comprar varios productos combinados entre mayoreo y distribuidor<\/span><\/p>\n<p><span style=\"font-weight: 400;\">en tu lista puedes agregar proteinas suplementos hormonas sarms esteroides toda una combinacion de productos siempre y cuando cubras los 10 productos de mayoreo o\u00a0 5 de distribuidor.<\/span><\/p>\n<p><span style=\"font-weight: 400;\">Suplementos mayoreo gdl elige comprar entre mayoreo distribuidor publico entregas en guadalajara env\u00edos por dhl estafeta a todo m\u00e9xico\u00a0 y estados unidos por usps.\u00a0<\/span><\/p>\n<p><b>Elige tu forma de pago.<\/b><\/p>\n<p><span style=\"font-weight: 400;\">Transferencia.\u00a0<\/span><\/p>\n<p><span style=\"font-weight: 400;\">Pago en efectivo en oxxo o sucursal bancaria.<\/span><\/p>\n<p><span style=\"font-weight: 400;\">Pago con tarjeta de credito debito mediante un link de pago Clip + 4% cargo de servicio.<\/span><span style=\"font-weight: 400;\"><br \/>\n<\/span><span style=\"font-weight: 400;\">Pegunta por promociones a meses sin intereses y comisiones por este servicio.<\/span><\/p>\n","protected":false},"featured_media":698,"comment_status":"open","ping_status":"closed","template":"","meta":{"_joinchat":[]},"product_brand":[],"product_cat":[1572,5791],"product_tag":[],"class_list":{"0":"post-910","1":"product","2":"type-product","3":"status-publish","4":"has-post-thumbnail","6":"product_cat-esteroides-anabolicos-inyectables","7":"product_cat-deca-durabolin-nandrolona","9":"first","10":"instock","11":"shipping-taxable","12":"purchasable","13":"product-type-simple"},"_links":{"self":[{"href":"http:\/\/ventasarms.com\/index.php\/wp-json\/wp\/v2\/product\/910","targetHints":{"allow":["GET"]}}],"collection":[{"href":"http:\/\/ventasarms.com\/index.php\/wp-json\/wp\/v2\/product"}],"about":[{"href":"http:\/\/ventasarms.com\/index.php\/wp-json\/wp\/v2\/types\/product"}],"replies":[{"embeddable":true,"href":"http:\/\/ventasarms.com\/index.php\/wp-json\/wp\/v2\/comments?post=910"}],"wp:featuredmedia":[{"embeddable":true,"href":"http:\/\/ventasarms.com\/index.php\/wp-json\/wp\/v2\/media\/698"}],"wp:attachment":[{"href":"http:\/\/ventasarms.com\/index.php\/wp-json\/wp\/v2\/media?parent=910"}],"wp:term":[{"taxonomy":"product_brand","embeddable":true,"href":"http:\/\/ventasarms.com\/index.php\/wp-json\/wp\/v2\/product_brand?post=910"},{"taxonomy":"product_cat","embeddable":true,"href":"http:\/\/ventasarms.com\/index.php\/wp-json\/wp\/v2\/product_cat?post=910"},{"taxonomy":"product_tag","embeddable":true,"href":"http:\/\/ventasarms.com\/index.php\/wp-json\/wp\/v2\/product_tag?post=910"}],"curies":[{"name":"wp","href":"https:\/\/api.w.org\/{rel}","templated":true}]}}