{"id":900,"date":"1970-01-01T00:00:00","date_gmt":"1970-01-01T06:00:00","guid":{"rendered":"http:\/\/ventasarms.com\/?post_type=product&#038;p=900"},"modified":"2025-06-08T19:17:32","modified_gmt":"2025-06-09T01:17:32","slug":"esteroides-anabolicos-orales","status":"publish","type":"product","link":"http:\/\/ventasarms.com\/index.php\/producto\/esteroides-anabolicos-orales\/","title":{"rendered":"Esteroides Anab\u00f3licos Orales"},"content":{"rendered":"<p>Esteroides Anab\u00f3licos Orales<\/p>\n<p>Toda la gama de esteroides Anab\u00f3licos orales en un solo lugar contamos con las mejores marcas del mercado con garantia de satisfaccion total ademas contamos con amplio stock para hacer de tu envios una garatia de velocidad enviamos por dhl y estafeta entregas en guadalajara y todo mexico<\/p>\n<p><span style=\"font-weight: 400;\">La clasificaci\u00f3n de los esteroides anab\u00f3licos androg\u00e9nicos toma como eje central la mol\u00e9cula de testosterona y de esta manera se pueden determinar 3 grupos bien definidos de acuerdo a su estructura qu\u00edmica y funci\u00f3n. La importancia de agrupar las drogas tiene que ver con la facilidad para recordar caracter\u00edsticas en com\u00fan, tanto las relacionadas con los efectos positivos, como tambi\u00e9n las relacionadas con los efectos negativos.<\/span><\/p>\n<p><span style=\"font-weight: 400;\">Tenemos en existencia las mejores marcas suplementos mayoreo gdl elige comprar entre mayoreo distribuidor publico entregas en guadalajara env\u00edos por dhl estafeta a todo m\u00e9xico\u00a0 y estados unidos por usps.\u00a0<\/span><\/p>\n<p><span style=\"font-weight: 400;\"><strong>Gph pharmaceuticals<\/strong> marca de importaci\u00f3n hecho en Rusia esta marca viene garantizada en calidad y manufactura mg x mg real satisfacci\u00f3n garantizada al 100<\/span><\/p>\n<p><a href=\"http:\/\/gphpharmaceuticals.com\" target=\"_blank\" rel=\"noopener\">http:\/\/gphpharmaceuticals.com<\/a><\/p>\n<p><span style=\"font-weight: 400;\"><strong>Watson Pharma<\/strong> marca generica buena calidad cumple con todas las normas de etiquetado<\/span><\/p>\n<p><a href=\"http:\/\/watsonmexico.com\" target=\"_blank\" rel=\"noopener\">http:\/\/watsonmexico.com<\/a><\/p>\n<p><span style=\"font-weight: 400;\"><strong>British Dragon<\/strong> manufactura China garantizada presentaciones jumbo mas de 20 a\u00f1os en el mercado internacional grandes fisicoculturistas Olimpia han llevado su preparaci\u00f3n con esta marca.<\/span><\/p>\n<p><a href=\"http:\/\/britishdragon.com.mx\" target=\"_blank\" rel=\"noopener\">http:\/\/britishdragon.com.mx<\/a><\/p>\n<figure id=\"attachment_385\" aria-describedby=\"caption-attachment-385\" style=\"width: 300px\" class=\"wp-caption alignnone\"><img fetchpriority=\"high\" decoding=\"async\" class=\"size-medium wp-image-385\" src=\"http:\/\/www.suplementosmayoreogdl.com\/wp-content\/uploads\/2024\/10\/21-GEROPHARM-METANDYNON-TABLETAS-300x300.png\" alt=\"Venta Dianabol - Metandrostenolona - Gph Pharmaceuticals - 80 tabs - 10 mg\" width=\"300\" height=\"300\" \/><figcaption id=\"caption-attachment-385\" class=\"wp-caption-text\">Venta &#8211; Dianabol &#8211; Mexico<\/figcaption><\/figure>\n<figure id=\"attachment_378\" aria-describedby=\"caption-attachment-378\" style=\"width: 300px\" class=\"wp-caption alignnone\"><img decoding=\"async\" class=\"size-medium wp-image-378\" src=\"http:\/\/www.suplementosmayoreogdl.com\/wp-content\/uploads\/2024\/10\/22-GEROPHARM-MESTEROLONA-TABLETAS-300x300.png\" alt=\"Proviron - Mesterolona - Gph Pharmaceuticals - 80 tabs - 25 mg\" width=\"300\" height=\"300\" \/><figcaption id=\"caption-attachment-378\" class=\"wp-caption-text\">Venta &#8211; Proviron &#8211; Mesterolona &#8211; Mexico<\/figcaption><\/figure>\n<figure id=\"attachment_374\" aria-describedby=\"caption-attachment-374\" style=\"width: 300px\" class=\"wp-caption alignnone\"><img decoding=\"async\" class=\"size-medium wp-image-374\" src=\"http:\/\/www.suplementosmayoreogdl.com\/wp-content\/uploads\/2024\/10\/25-GEROPHARM-STANOZOLOLA-TABLETAS-300x300.png\" alt=\"Estanozolol - Winstrol - Gph Pharmaceuticals - 80 tabs- 10 mg\" width=\"300\" height=\"300\" \/><figcaption id=\"caption-attachment-374\" class=\"wp-caption-text\">Venta &#8211; Estanozolol &#8211; Winstrol &#8211; Mexico<\/figcaption><\/figure>\n<figure id=\"attachment_354\" aria-describedby=\"caption-attachment-354\" style=\"width: 300px\" class=\"wp-caption alignnone\"><img loading=\"lazy\" decoding=\"async\" class=\"size-medium wp-image-354\" src=\"http:\/\/www.suplementosmayoreogdl.com\/wp-content\/uploads\/2024\/10\/24-GEROPHARM-KLENBUTEROLA-TABLETAS-300x300.png\" alt=\"Venta - Clembuterol - Clenbuterol - Mexico\" width=\"300\" height=\"300\" \/><figcaption id=\"caption-attachment-354\" class=\"wp-caption-text\">Venta &#8211; Clembuterol &#8211; Clenbuterol &#8211; Mexico<\/figcaption><\/figure>\n<figure id=\"attachment_335\" aria-describedby=\"caption-attachment-335\" style=\"width: 300px\" class=\"wp-caption alignnone\"><img loading=\"lazy\" decoding=\"async\" class=\"size-medium wp-image-335\" src=\"http:\/\/www.suplementosmayoreogdl.com\/wp-content\/uploads\/2024\/10\/26-GEROPHARM-OKIAMETOLONA-TABLETAS-300x300.png\" alt=\"Oximetolona - Anadrol - Anapolon - Gph Pharmaceuticals - 80 tabs - 50 mg\" width=\"300\" height=\"300\" \/><figcaption id=\"caption-attachment-335\" class=\"wp-caption-text\">Venta &#8211; Oximetolona &#8211; Anadrol &#8211; Mexico<\/figcaption><\/figure>\n<figure id=\"attachment_325\" aria-describedby=\"caption-attachment-325\" style=\"width: 300px\" class=\"wp-caption alignnone\"><img loading=\"lazy\" decoding=\"async\" class=\"size-medium wp-image-325\" src=\"http:\/\/www.suplementosmayoreogdl.com\/wp-content\/uploads\/2024\/10\/23-GEROPHARM-OKSANDROLONA-TABLETAS-300x300.webp\" alt=\"Venta - Oxandrolona - Anavar - Mexico\" width=\"300\" height=\"300\" \/><figcaption id=\"caption-attachment-325\" class=\"wp-caption-text\">Venta &#8211; Oxandrolona &#8211; Anavar &#8211; Mexico<\/figcaption><\/figure>\n<p><a href=\"https:\/\/www.suplementosmayoreogdl.com\/categoria-producto\/esteroides-anabolicos-orales\/\" target=\"_blank\" rel=\"noopener\">http:\/\/suplementosmayoreogdl.com<\/a><\/p>\n<p><a href=\"http:\/\/suplementosguadalajara.com.mx\" target=\"_blank\" rel=\"noopener\">http:\/\/suplementosguadalajara.com.mx<\/a><\/p>\n","protected":false},"excerpt":{"rendered":"<p>Esteroides Anab\u00f3licos Orales<\/p>\n<p><span style=\"font-weight: 400;\">Anavar &#8211; Oxandrolona<\/span><\/p>\n<p><span style=\"font-weight: 400;\">Clembuterol &#8211; Clenbuterol<\/span><\/p>\n<p><span style=\"font-weight: 400;\">Winstrol &#8211; Estanozolol<\/span><\/p>\n<p><span style=\"font-weight: 400;\">Dianabol &#8211; Metandrostenolona<\/span><\/p>\n<p><span style=\"font-weight: 400;\">Proviron &#8211; Mesterolona<\/span><\/p>\n<p><span style=\"font-weight: 400;\">Primobolan &#8211; Metenolona<\/span><\/p>\n<p><span style=\"font-weight: 400;\">Anadrol &#8211; Oximetolona<\/span><\/p>\n<p><b>Facil y sencillo elige entre comprar<\/b><\/p>\n<p><span style=\"font-weight: 400;\">Mayoreo 10 pzs\u00a0<\/span><\/p>\n<p><span style=\"font-weight: 400;\">Distribuidor 5 pzs\u00a0<\/span><\/p>\n<p><span style=\"font-weight: 400;\">Publico 1 a 4 pzs\u00a0<\/span><\/p>\n<p><b>Nota:<\/b><span style=\"font-weight: 400;\"> puedes comprar varios productos combinados entre mayoreo y distribuidor<\/span><\/p>\n<p><span style=\"font-weight: 400;\">en tu lista puedes agregar proteinas suplementos hormonas sarms esteroides toda una combinacion de productos siempre y cuando cubras los 10 productos de mayoreo o\u00a0 5 de distribuidor.<\/span><\/p>\n<p><span style=\"font-weight: 400;\">Suplementos mayoreo gdl elige comprar entre mayoreo distribuidor publico entregas en guadalajara envios por dhl estafeta a todo mexico\u00a0 y estados unidos por usps.\u00a0<\/span><\/p>\n<p><b>Elige tu forma de pago.<\/b><\/p>\n<p><span style=\"font-weight: 400;\">Transferencia.\u00a0<\/span><\/p>\n<p><span style=\"font-weight: 400;\">Pago en efectivo en oxxo o sucursal bancaria.<\/span><\/p>\n<p><span style=\"font-weight: 400;\">Pago con tarjeta de credito debito mediante un link de pago Clip + 4% cargo de servicio.<\/span><span style=\"font-weight: 400;\"><br \/>\n<\/span><span style=\"font-weight: 400;\">Pegunta por promociones a meses sin intereses y comisiones por este servicio.<\/span><\/p>\n","protected":false},"featured_media":248,"comment_status":"open","ping_status":"closed","template":"","meta":{"_joinchat":[]},"product_brand":[],"product_cat":[6708],"product_tag":[],"class_list":{"0":"post-900","1":"product","2":"type-product","3":"status-publish","4":"has-post-thumbnail","6":"product_cat-esteroides-anabolicos-orales","8":"first","9":"instock","10":"shipping-taxable","11":"purchasable","12":"product-type-simple"},"_links":{"self":[{"href":"http:\/\/ventasarms.com\/index.php\/wp-json\/wp\/v2\/product\/900","targetHints":{"allow":["GET"]}}],"collection":[{"href":"http:\/\/ventasarms.com\/index.php\/wp-json\/wp\/v2\/product"}],"about":[{"href":"http:\/\/ventasarms.com\/index.php\/wp-json\/wp\/v2\/types\/product"}],"replies":[{"embeddable":true,"href":"http:\/\/ventasarms.com\/index.php\/wp-json\/wp\/v2\/comments?post=900"}],"wp:featuredmedia":[{"embeddable":true,"href":"http:\/\/ventasarms.com\/index.php\/wp-json\/wp\/v2\/media\/248"}],"wp:attachment":[{"href":"http:\/\/ventasarms.com\/index.php\/wp-json\/wp\/v2\/media?parent=900"}],"wp:term":[{"taxonomy":"product_brand","embeddable":true,"href":"http:\/\/ventasarms.com\/index.php\/wp-json\/wp\/v2\/product_brand?post=900"},{"taxonomy":"product_cat","embeddable":true,"href":"http:\/\/ventasarms.com\/index.php\/wp-json\/wp\/v2\/product_cat?post=900"},{"taxonomy":"product_tag","embeddable":true,"href":"http:\/\/ventasarms.com\/index.php\/wp-json\/wp\/v2\/product_tag?post=900"}],"curies":[{"name":"wp","href":"https:\/\/api.w.org\/{rel}","templated":true}]}}