{"id":1240,"date":"1970-01-01T00:00:00","date_gmt":"1970-01-01T06:00:00","guid":{"rendered":"http:\/\/ventasarms.com\/?post_type=product&#038;p=1240"},"modified":"2025-06-08T19:49:36","modified_gmt":"2025-06-09T01:49:36","slug":"choragon-ferring-5000-ui","status":"publish","type":"product","link":"http:\/\/ventasarms.com\/index.php\/producto\/choragon-ferring-5000-ui\/","title":{"rendered":"Choragon &#8211; Ferring &#8211; 5000 ui"},"content":{"rendered":"<p>Choragon &#8211; Ferring &#8211; 5000 ui<\/p>\n<p class=\"p1\"><b>NOMBRE: <\/b>Gonadotropina Corionica<\/p>\n<p class=\"p1\"><b>NOMBRE COMERCIAL:\u00a0<\/b>Choragon<\/p>\n<p class=\"p2\"><span class=\"s1\"><b>DESCRIPCI\u00d3N: <\/b>Gonadotropina Corionica Establecimiento de fertilidad en caso de hipogonadismo hipogonadotr\u00f3pico (tambi\u00e9n en combinaci\u00f3n con hMG y FSH)<\/span><\/p>\n<p class=\"p1\"><b>AROMATIZA: <\/b>No<span class=\"Apple-converted-space\">\u00a0<\/span><\/p>\n<p class=\"p1\"><b>PRESENTACI\u00d3N: <\/b>Soluci\u00f3n inyectable\u00a0Choragon\u00a05000UI. Caja con 1 ampolleta liofilizado y una ampolleta con 1 ml de diluyente.<\/p>\n<p class=\"p1\"><b>MADE IN: <\/b>Usa<\/p>\n<p class=\"p1\"><b>ADMINISTRACI\u00d3N: <\/b>Vial Inyecci\u00f3n<span class=\"s2\"><span class=\"Apple-converted-space\">\u00a0<\/span><\/span><\/p>\n<figure id=\"attachment_607\" aria-describedby=\"caption-attachment-607\" style=\"width: 300px\" class=\"wp-caption alignnone\"><img fetchpriority=\"high\" decoding=\"async\" class=\"size-medium wp-image-607\" src=\"http:\/\/www.suplementosmayoreogdl.com\/wp-content\/uploads\/2024\/10\/choragon-2-300x224.jpeg\" alt=\"Choragon - Ferring - 5000 ui\" width=\"300\" height=\"224\" \/><figcaption id=\"caption-attachment-607\" class=\"wp-caption-text\">Choragon &#8211; Ferring &#8211; 5000 ui<\/figcaption><\/figure>\n<p><a href=\"https:\/\/www.suplementosmayoreogdl.com\/categoria-producto\/post-ciclo\/\" target=\"_blank\" rel=\"noopener\">http:\/\/suplementosmayoreogdl.com<\/a><\/p>\n<p><a href=\"http:\/\/suplementosguadalajara.com.mx\" target=\"_blank\" rel=\"noopener\">http:\/\/suplementosguadalajara.com.mx<\/a><\/p>\n","protected":false},"excerpt":{"rendered":"<p>Choragon &#8211; Ferring &#8211; 5000 ui<\/p>\n<p><b>Facil y sencillo elige entre comprar<\/b><\/p>\n<p><span style=\"font-weight: 400;\">Mayoreo 10 pzs $ 350<\/span><\/p>\n<p><span style=\"font-weight: 400;\">Distribuidor 5 pzs $ 450<\/span><\/p>\n<p><span style=\"font-weight: 400;\">Publico 1 a 4 pzs $ 550<\/span><\/p>\n<p><b>Nota:<\/b><span style=\"font-weight: 400;\"> puedes comprar varios productos combinados entre mayoreo y distribuidor<\/span><\/p>\n<p><span style=\"font-weight: 400;\">en tu lista puedes agregar proteinas suplementos hormonas sarms esteroides toda una combinacion de productos siempre y cuando cubras los 10 productos de mayoreo o\u00a0 5 de distribuidor.<\/span><\/p>\n<p><span style=\"font-weight: 400;\">Suplementos mayoreo gdl elige comprar entre mayoreo distribuidor publico entregas en guadalajara env\u00edos por dhl estafeta a todo m\u00e9xico\u00a0 y estados unidos por usps.\u00a0<\/span><\/p>\n<p><b>Elige tu forma de pago.<\/b><\/p>\n<p><span style=\"font-weight: 400;\">Transferencia.\u00a0<\/span><\/p>\n<p><span style=\"font-weight: 400;\">Pago en efectivo en oxxo o sucursal bancaria.<\/span><\/p>\n<p><span style=\"font-weight: 400;\">Pago con tarjeta de credito debito mediante un link de pago Clip + 4% cargo de servicio.<\/span><span style=\"font-weight: 400;\"><br \/>\n<\/span><span style=\"font-weight: 400;\">Pegunta por promociones a meses sin intereses y comisiones por este servicio.<\/span><\/p>\n","protected":false},"featured_media":609,"comment_status":"open","ping_status":"closed","template":"","meta":{"_joinchat":[]},"product_brand":[],"product_cat":[12589,15310,12591],"product_tag":[],"class_list":{"0":"post-1240","1":"product","2":"type-product","3":"status-publish","4":"has-post-thumbnail","6":"product_cat-post-ciclo-protectores","7":"product_cat-choragon-gonadotropina","8":"product_cat-post-ciclo","10":"first","11":"instock","12":"shipping-taxable","13":"purchasable","14":"product-type-simple"},"_links":{"self":[{"href":"http:\/\/ventasarms.com\/index.php\/wp-json\/wp\/v2\/product\/1240","targetHints":{"allow":["GET"]}}],"collection":[{"href":"http:\/\/ventasarms.com\/index.php\/wp-json\/wp\/v2\/product"}],"about":[{"href":"http:\/\/ventasarms.com\/index.php\/wp-json\/wp\/v2\/types\/product"}],"replies":[{"embeddable":true,"href":"http:\/\/ventasarms.com\/index.php\/wp-json\/wp\/v2\/comments?post=1240"}],"wp:featuredmedia":[{"embeddable":true,"href":"http:\/\/ventasarms.com\/index.php\/wp-json\/wp\/v2\/media\/609"}],"wp:attachment":[{"href":"http:\/\/ventasarms.com\/index.php\/wp-json\/wp\/v2\/media?parent=1240"}],"wp:term":[{"taxonomy":"product_brand","embeddable":true,"href":"http:\/\/ventasarms.com\/index.php\/wp-json\/wp\/v2\/product_brand?post=1240"},{"taxonomy":"product_cat","embeddable":true,"href":"http:\/\/ventasarms.com\/index.php\/wp-json\/wp\/v2\/product_cat?post=1240"},{"taxonomy":"product_tag","embeddable":true,"href":"http:\/\/ventasarms.com\/index.php\/wp-json\/wp\/v2\/product_tag?post=1240"}],"curies":[{"name":"wp","href":"https:\/\/api.w.org\/{rel}","templated":true}]}}